{"id":8082,"date":"2019-08-09T10:37:06","date_gmt":"2019-08-09T08:37:06","guid":{"rendered":"https:\/\/www.b-nk.at\/news-2\/"},"modified":"2023-06-08T17:47:06","modified_gmt":"2023-06-08T15:47:06","slug":"news-2","status":"publish","type":"page","link":"https:\/\/www.b-nk.at\/en\/news-2\/","title":{"rendered":"News"},"content":{"rendered":"\t\t<div data-elementor-type=\"wp-page\" data-elementor-id=\"8082\" class=\"elementor elementor-8082 elementor-10\" data-elementor-post-type=\"page\">\n\t\t\t\t\t\t<section class=\"elementor-section elementor-top-section elementor-element elementor-element-185c5847 elementor-section-full_width elementor-section-height-default elementor-section-height-default\" data-id=\"185c5847\" data-element_type=\"section\" data-e-type=\"section\" data-settings=\"{&quot;background_background&quot;:&quot;classic&quot;}\">\n\t\t\t\t\t\t<div class=\"elementor-container elementor-column-gap-no\">\n\t\t\t\t\t<div class=\"elementor-column elementor-col-100 elementor-top-column elementor-element elementor-element-94036d\" data-id=\"94036d\" data-element_type=\"column\" data-e-type=\"column\">\n\t\t\t<div class=\"elementor-widget-wrap elementor-element-populated\">\n\t\t\t\t\t\t<div class=\"elementor-element elementor-element-652c1e41 elementor-widget elementor-widget-image\" data-id=\"652c1e41\" data-element_type=\"widget\" data-e-type=\"widget\" data-widget_type=\"image.default\">\n\t\t\t\t<div class=\"elementor-widget-container\">\n\t\t\t\t\t\t\t\t\t\t\t\t\t\t\t<img fetchpriority=\"high\" decoding=\"async\" width=\"2400\" height=\"310\" src=\"https:\/\/www.b-nk.at\/wp-content\/uploads\/image_header_aktuell.png\" class=\"attachment-full size-full wp-image-7970\" alt=\"\" srcset=\"https:\/\/www.b-nk.at\/wp-content\/uploads\/image_header_aktuell.png 2400w, https:\/\/www.b-nk.at\/wp-content\/uploads\/image_header_aktuell-300x39.png 300w, https:\/\/www.b-nk.at\/wp-content\/uploads\/image_header_aktuell-1024x132.png 1024w, https:\/\/www.b-nk.at\/wp-content\/uploads\/image_header_aktuell-768x99.png 768w, https:\/\/www.b-nk.at\/wp-content\/uploads\/image_header_aktuell-1536x198.png 1536w, https:\/\/www.b-nk.at\/wp-content\/uploads\/image_header_aktuell-2048x265.png 2048w\" sizes=\"(max-width: 2400px) 100vw, 2400px\" \/>\t\t\t\t\t\t\t\t\t\t\t\t\t\t\t<\/div>\n\t\t\t\t<\/div>\n\t\t\t\t\t<\/div>\n\t\t<\/div>\n\t\t\t\t\t<\/div>\n\t\t<\/section>\n\t\t\t\t<section class=\"elementor-section elementor-top-section elementor-element elementor-element-4a3a90ed elementor-section-boxed elementor-section-height-default elementor-section-height-default\" data-id=\"4a3a90ed\" data-element_type=\"section\" data-e-type=\"section\" data-settings=\"{&quot;background_background&quot;:&quot;classic&quot;}\">\n\t\t\t\t\t\t<div class=\"elementor-container elementor-column-gap-default\">\n\t\t\t\t\t<div class=\"elementor-column elementor-col-100 elementor-top-column elementor-element elementor-element-47af57e7\" data-id=\"47af57e7\" data-element_type=\"column\" data-e-type=\"column\">\n\t\t\t<div class=\"elementor-widget-wrap elementor-element-populated\">\n\t\t\t\t\t\t<div class=\"elementor-element elementor-element-52f7f4f5 elementor-widget elementor-widget-image\" data-id=\"52f7f4f5\" data-element_type=\"widget\" data-e-type=\"widget\" data-widget_type=\"image.default\">\n\t\t\t\t<div class=\"elementor-widget-container\">\n\t\t\t\t\t\t\t\t\t\t\t\t\t\t\t<img decoding=\"async\" width=\"624\" height=\"47\" src=\"https:\/\/www.b-nk.at\/wp-content\/uploads\/text_Buero_fuer_nachhaltige_Kompetenz-1.svg\" class=\"attachment-full size-full wp-image-7982\" alt=\"\" \/>\t\t\t\t\t\t\t\t\t\t\t\t\t\t\t<\/div>\n\t\t\t\t<\/div>\n\t\t\t\t<div class=\"elementor-element elementor-element-1fd45f95 elementor-widget elementor-widget-image\" data-id=\"1fd45f95\" data-element_type=\"widget\" data-e-type=\"widget\" data-widget_type=\"image.default\">\n\t\t\t\t<div class=\"elementor-widget-container\">\n\t\t\t\t\t\t\t\t\t\t\t\t\t\t\t<img decoding=\"async\" width=\"825\" height=\"158\" src=\"https:\/\/www.b-nk.at\/wp-content\/uploads\/slogan_zukunft_raum.png\" class=\"attachment-full size-full wp-image-7909\" alt=\"Zukunft RAUM Perspektive MENSCH\" srcset=\"https:\/\/www.b-nk.at\/wp-content\/uploads\/slogan_zukunft_raum.png 825w, https:\/\/www.b-nk.at\/wp-content\/uploads\/slogan_zukunft_raum-300x57.png 300w, https:\/\/www.b-nk.at\/wp-content\/uploads\/slogan_zukunft_raum-768x147.png 768w\" sizes=\"(max-width: 825px) 100vw, 825px\" \/>\t\t\t\t\t\t\t\t\t\t\t\t\t\t\t<\/div>\n\t\t\t\t<\/div>\n\t\t\t\t\t<\/div>\n\t\t<\/div>\n\t\t\t\t\t<\/div>\n\t\t<\/section>\n\t\t\t\t<section class=\"elementor-section elementor-top-section elementor-element elementor-element-5bfcb58b elementor-section-boxed elementor-section-height-default elementor-section-height-default\" data-id=\"5bfcb58b\" data-element_type=\"section\" data-e-type=\"section\" data-settings=\"{&quot;background_background&quot;:&quot;classic&quot;}\">\n\t\t\t\t\t\t<div class=\"elementor-container elementor-column-gap-no\">\n\t\t\t\t\t<div class=\"elementor-column elementor-col-100 elementor-top-column elementor-element elementor-element-2c9937e\" data-id=\"2c9937e\" data-element_type=\"column\" data-e-type=\"column\">\n\t\t\t<div class=\"elementor-widget-wrap elementor-element-populated\">\n\t\t\t\t\t\t<div class=\"elementor-element elementor-element-1380793 elementor-widget elementor-widget-heading\" data-id=\"1380793\" data-element_type=\"widget\" data-e-type=\"widget\" data-widget_type=\"heading.default\">\n\t\t\t\t<div class=\"elementor-widget-container\">\n\t\t\t\t\t<h1 class=\"elementor-heading-title elementor-size-default\">News<\/h1>\t\t\t\t<\/div>\n\t\t\t\t<\/div>\n\t\t\t\t<div class=\"elementor-element elementor-element-65816c37 beitrags-grid elementor-widget elementor-widget-ucaddon_post_list\" data-id=\"65816c37\" data-element_type=\"widget\" data-e-type=\"widget\" data-widget_type=\"ucaddon_post_list.default\">\n\t\t\t\t<div class=\"elementor-widget-container\">\n\t\t\t\t\t\n<!-- start Post List -->\n\t\t<link id='font-awesome-css' href='https:\/\/www.b-nk.at\/wp-content\/plugins\/unlimited-elements-for-elementor\/assets_libraries\/font-awesome6\/fontawesome-all.min.css' type='text\/css' rel='stylesheet' >\n\t\t<link id='font-awesome-4-shim-css' href='https:\/\/www.b-nk.at\/wp-content\/plugins\/unlimited-elements-for-elementor\/assets_libraries\/font-awesome6\/fontawesome-v4-shims.min.css' type='text\/css' rel='stylesheet' >\n\n<style>\/* widget: Post List *\/\n\n\n\n#uc_post_list_elementor_65816c37\n{\n  display:grid;\n}\n\n\n#uc_post_list_elementor_65816c37 .uc_post_list_image div\n{\n  background-size:cover;\n  background-position:center;\n}\n\n\n.uc_post_list .uc_post_list_box{\n\tposition: relative;\n\toverflow: hidden;\n\tdisplay: flex;\n}\n\n#uc_post_list_elementor_65816c37 .uc_post_list_image\n{\n  flex-grow:0;\n  flex-shrink:0;\n}\n\n#uc_post_list_elementor_65816c37 .uc_post_list_image img\n{\n  width:100%;\n  display:block;\n  transition:0.3s;\n  \n}\n\n\n.uc_post_list_title a{\n\tcolor: #333333;\n}\n.uc_post_list_date{\n\tfont-size: 12px;\n}\n\n#uc_post_list_elementor_65816c37 .uc_post_list_content\n{\n  display:flex;\n  flex-direction:column;\n  flex:1;\n}\n\n#uc_post_list_elementor_65816c37 .uc_more_btn{\n\n  text-align:center;\n  text-decoration:none;\n  transition:0.3s;\n}\n\n#uc_post_list_elementor_65816c37 .button-on-side\n{\n  display:flex;\n  align-items:center;\n}\n\n\n.ue-grid-item-category a\n{\n  display:inline-block;\n  font-size:10px;\n  text-transform:uppercase;\n}\n\n#uc_post_list_elementor_65816c37 .ue-meta-data\n{\n  \n  display:flex;\n\n  flex-wrap: wrap;\n  line-height:1em;\n}\n\n#uc_post_list_elementor_65816c37 .ue-grid-item-meta-data\n{\n      display:inline-flex;\n      align-items:center;\n}\n\n.ue-grid-item-meta-data\n{\n  font-size:12px;\n}\n\n#uc_post_list_elementor_65816c37 .ue-grid-item-meta-data-icon\n{\n  line-height:1em;\n}\n\n#uc_post_list_elementor_65816c37 .ue-grid-item-meta-data-icon svg\n{\n  width:1em;\n  height:1em;\n}\n\n\n\n#uc_post_list_elementor_65816c37 .ue-debug-meta\n{\n  padding:10px;\n  border:1px solid red;\n  position:relative;\n  line-height:1.5em;\n  font-size:11px;\n  width:100%;\n}\n\n.uc-remote-parent .uc_post_list_box{\n\tcursor:pointer;\n}\n\n#uc_post_list_elementor_65816c37 .ue-post-link-overlay\n{\n  display:block;\n  position:absolute;\n  top:0;\n  bottom:0;\n  right:0;\n  left:0;\n}\n\n<\/style>\n\n<div class=\"uc_post_list uc-items-wrapper \" id=\"uc_post_list_elementor_65816c37\"  >    \t\n  <div class=\"uc_post_list_box\">\n    \n  \n    <div class=\"uc_post_list_content\">\n      <div class=\"uc_post_list_content_inside\">\n        \n                          \n        \t        \t\t        \t        \n        \t<div class=\"ue-grid-item-category\">\n                            <a href=\"https:\/\/www.b-nk.at\/en\/projekte-en\/gruenes-planen-wohnen-leben-en\/\" target=\"_self\" class=\"cat503\"><span>Gr\u00fcnes Planen, Wohnen &amp; Leben<\/span><\/a>\n                            <a href=\"https:\/\/www.b-nk.at\/en\/news\/\" target=\"_self\" class=\"cat544\"><span>News<\/span><\/a>\n                            <a href=\"https:\/\/www.b-nk.at\/en\/projekte-en\/\" target=\"_self\" class=\"cat499\"><span>Projekte<\/span><\/a>\n                      \t<\/div>\n        \n                        \n         <div class=\"uc_post_list_title\"><a target=\"_self\" href=\"https:\/\/www.b-nk.at\/en\/projekte-en\/greengeo\/\" title=\"GreenGEO\">GreenGEO<\/a><\/div>\t\n         \n            <div class=\"uc_post_list_image\">\n      <a href=\"https:\/\/www.b-nk.at\/en\/projekte-en\/greengeo\/\" title=\"GreenGEO\" target=\"_self\">\n          \n            <img loading=\"lazy\" decoding=\"async\" src=\"https:\/\/www.b-nk.at\/wp-content\/uploads\/greenGEO_bild-1-768x768.png\"  src=\"https:\/\/www.b-nk.at\/wp-content\/uploads\/greenGEO_bild-1-768x768.png\" alt=\"greenGEO_bild\" width=\"768\" height=\"768\">\n        \t\n        \n      <\/a>\n    <\/div>\n  \t\t\n        \n        <div class=\"ue-meta-data\">\n                                               \n            \n          \n                        \n            \n                        \n                        \n                      \n                    \n          \n              \n          <\/div>         \n                \n         <div class=\"uc_post_content\">Integration of climate change adaptation measures into spatial planning using data-based methods\n\nInitial...<\/div>        \n                 \n      <\/div>\n    <\/div>\n     \n          <div class=\"button-on-side\">\n           <a target=\"_self\" href='https:\/\/www.b-nk.at\/en\/projekte-en\/greengeo\/' class=\"uc_more_btn  \" title=\"\">read more...<\/a>\n     <\/div>\n       \n  \n   <\/div>\n<div class=\"uc_post_list_box\">\n    \n  \n    <div class=\"uc_post_list_content\">\n      <div class=\"uc_post_list_content_inside\">\n        \n                          \n        \t        \t\t        \t        \n        \t<div class=\"ue-grid-item-category\">\n                            <a href=\"https:\/\/www.b-nk.at\/en\/news\/\" target=\"_self\" class=\"cat544\"><span>News<\/span><\/a>\n                            <a href=\"https:\/\/www.b-nk.at\/en\/project-activity\/\" target=\"_self\" class=\"cat543\"><span>Project activity<\/span><\/a>\n                            <a href=\"https:\/\/www.b-nk.at\/en\/projekte-en\/umwelt-nachhaltigkeit-en\/\" target=\"_self\" class=\"cat505\"><span>Umwelt &amp; Nachhaltigkeit<\/span><\/a>\n                      \t<\/div>\n        \n                        \n         <div class=\"uc_post_list_title\"><a target=\"_self\" href=\"https:\/\/www.b-nk.at\/en\/projekte-en\/umwelt-nachhaltigkeit-en\/face-to-face-meeting-in-athens\/\" title=\"Face-to-face meeting in Athens\">Face-to-face meeting in Athens<\/a><\/div>\t\n         \n            <div class=\"uc_post_list_image\">\n      <a href=\"https:\/\/www.b-nk.at\/en\/projekte-en\/umwelt-nachhaltigkeit-en\/face-to-face-meeting-in-athens\/\" title=\"Face-to-face meeting in Athens\" target=\"_self\">\n          \n            <img loading=\"lazy\" decoding=\"async\" src=\"https:\/\/www.b-nk.at\/wp-content\/uploads\/IMG_1664-768x512.jpg\"  src=\"https:\/\/www.b-nk.at\/wp-content\/uploads\/IMG_1664-768x512.jpg\" alt=\"All participants of the project meeting\" width=\"768\" height=\"512\">\n        \t\n        \n      <\/a>\n    <\/div>\n  \t\t\n        \n        <div class=\"ue-meta-data\">\n                                               \n            \n          \n                        \n            \n                        \n                        \n                      \n                    \n          \n              \n          <\/div>         \n                \n         <div class=\"uc_post_content\">From June 3 to 5, 2025, the project team met in Athens to discuss the progress of the Gender4POwer p...<\/div>        \n                 \n      <\/div>\n    <\/div>\n     \n          <div class=\"button-on-side\">\n           <a target=\"_self\" href='https:\/\/www.b-nk.at\/en\/projekte-en\/umwelt-nachhaltigkeit-en\/face-to-face-meeting-in-athens\/' class=\"uc_more_btn  \" title=\"\">read more...<\/a>\n     <\/div>\n       \n  \n   <\/div>\n<div class=\"uc_post_list_box\">\n    \n  \n    <div class=\"uc_post_list_content\">\n      <div class=\"uc_post_list_content_inside\">\n        \n                          \n        \t        \t\t        \t        \n        \t<div class=\"ue-grid-item-category\">\n                            <a href=\"https:\/\/www.b-nk.at\/en\/news\/\" target=\"_self\" class=\"cat544\"><span>News<\/span><\/a>\n                            <a href=\"https:\/\/www.b-nk.at\/en\/project-activity\/\" target=\"_self\" class=\"cat543\"><span>Project activity<\/span><\/a>\n                            <a href=\"https:\/\/www.b-nk.at\/en\/projekte-en\/umwelt-nachhaltigkeit-en\/\" target=\"_self\" class=\"cat505\"><span>Umwelt &amp; Nachhaltigkeit<\/span><\/a>\n                      \t<\/div>\n        \n                        \n         <div class=\"uc_post_list_title\"><a target=\"_self\" href=\"https:\/\/www.b-nk.at\/en\/projekte-en\/umwelt-nachhaltigkeit-en\/field-trip-to-bilbao\/\" title=\"Field trip to Bilbao\">Field trip to Bilbao<\/a><\/div>\t\n         \n            <div class=\"uc_post_list_image\">\n      <a href=\"https:\/\/www.b-nk.at\/en\/projekte-en\/umwelt-nachhaltigkeit-en\/field-trip-to-bilbao\/\" title=\"Field trip to Bilbao\" target=\"_self\">\n          \n            <img loading=\"lazy\" decoding=\"async\" src=\"https:\/\/www.b-nk.at\/wp-content\/uploads\/aula_IMG_3646_gcs_spain-768x576.jpg\"  src=\"https:\/\/www.b-nk.at\/wp-content\/uploads\/aula_IMG_3646_gcs_spain-768x576.jpg\" alt=\"GCS_Grow_Bilbao_10\" width=\"768\" height=\"576\">\n        \t\n        \n      <\/a>\n    <\/div>\n  \t\t\n        \n        <div class=\"ue-meta-data\">\n                                               \n            \n          \n                        \n            \n                        \n                        \n                      \n                    \n          \n              \n          <\/div>         \n                \n         <div class=\"uc_post_content\">First face-to-face project meeting in Spain\n\nFrom the  June 2 to 3, 2025  all Green Cool Schools GROW...<\/div>        \n                 \n      <\/div>\n    <\/div>\n     \n          <div class=\"button-on-side\">\n           <a target=\"_self\" href='https:\/\/www.b-nk.at\/en\/projekte-en\/umwelt-nachhaltigkeit-en\/field-trip-to-bilbao\/' class=\"uc_more_btn  \" title=\"\">read more...<\/a>\n     <\/div>\n       \n  \n   <\/div>\n<div class=\"uc_post_list_box\">\n    \n  \n    <div class=\"uc_post_list_content\">\n      <div class=\"uc_post_list_content_inside\">\n        \n                          \n        \t        \t\t        \t        \n        \t<div class=\"ue-grid-item-category\">\n                            <a href=\"https:\/\/www.b-nk.at\/en\/news\/\" target=\"_self\" class=\"cat544\"><span>News<\/span><\/a>\n                            <a href=\"https:\/\/www.b-nk.at\/en\/project-activity\/\" target=\"_self\" class=\"cat543\"><span>Project activity<\/span><\/a>\n                            <a href=\"https:\/\/www.b-nk.at\/en\/projekte-en\/technikanwendung-und-vermittlung-en\/\" target=\"_self\" class=\"cat518\"><span>Technikanwendung und -vermittlung<\/span><\/a>\n                      \t<\/div>\n        \n                        \n         <div class=\"uc_post_list_title\"><a target=\"_self\" href=\"https:\/\/www.b-nk.at\/en\/projekte-en\/technikanwendung-und-vermittlung-en\/site-inspection-and-project-meeting-in-tyrol\/\" title=\"Site inspection and project meeting in Tyrol\">Site inspection and project meeting in Tyrol<\/a><\/div>\t\n         \n            <div class=\"uc_post_list_image\">\n      <a href=\"https:\/\/www.b-nk.at\/en\/projekte-en\/technikanwendung-und-vermittlung-en\/site-inspection-and-project-meeting-in-tyrol\/\" title=\"Site inspection and project meeting in Tyrol\" target=\"_self\">\n          \n            <img loading=\"lazy\" decoding=\"async\" src=\"https:\/\/www.b-nk.at\/wp-content\/uploads\/2025_05_26_kuradiv_Tirol_B-NK_04-768x576.jpeg\"  src=\"https:\/\/www.b-nk.at\/wp-content\/uploads\/2025_05_26_kuradiv_Tirol_B-NK_04-768x576.jpeg\" alt=\"The project team in front of the Rablhaus Museum.\" width=\"768\" height=\"576\">\n        \t\n        \n      <\/a>\n    <\/div>\n  \t\t\n        \n        <div class=\"ue-meta-data\">\n                                               \n            \n          \n                        \n            \n                        \n                        \n                      \n                    \n          \n              \n          <\/div>         \n                \n         <div class=\"uc_post_content\">On May 26 and 27, 2025, the Kura:Div consortium held a project meeting in Weer (Tyrol). The focus was...<\/div>        \n                 \n      <\/div>\n    <\/div>\n     \n          <div class=\"button-on-side\">\n           <a target=\"_self\" href='https:\/\/www.b-nk.at\/en\/projekte-en\/technikanwendung-und-vermittlung-en\/site-inspection-and-project-meeting-in-tyrol\/' class=\"uc_more_btn  \" title=\"\">read more...<\/a>\n     <\/div>\n       \n  \n   <\/div>\n<div class=\"uc_post_list_box\">\n    \n  \n    <div class=\"uc_post_list_content\">\n      <div class=\"uc_post_list_content_inside\">\n        \n                          \n        \t        \t\t        \t        \n        \t<div class=\"ue-grid-item-category\">\n                            <a href=\"https:\/\/www.b-nk.at\/en\/news\/\" target=\"_self\" class=\"cat544\"><span>News<\/span><\/a>\n                            <a href=\"https:\/\/www.b-nk.at\/en\/project-activity\/\" target=\"_self\" class=\"cat543\"><span>Project activity<\/span><\/a>\n                            <a href=\"https:\/\/www.b-nk.at\/en\/projekte-en\/umwelt-nachhaltigkeit-en\/\" target=\"_self\" class=\"cat505\"><span>Umwelt &amp; Nachhaltigkeit<\/span><\/a>\n                      \t<\/div>\n        \n                        \n         <div class=\"uc_post_list_title\"><a target=\"_self\" href=\"https:\/\/www.b-nk.at\/en\/projekte-en\/umwelt-nachhaltigkeit-en\/project-meeting-at-the-schweizerhaus-hadersdorf\/\" title=\"Project meeting at the Schweizerhaus Hadersdorf\">Project meeting at the Schweizerhaus Hadersdorf<\/a><\/div>\t\n         \n            <div class=\"uc_post_list_image\">\n      <a href=\"https:\/\/www.b-nk.at\/en\/projekte-en\/umwelt-nachhaltigkeit-en\/project-meeting-at-the-schweizerhaus-hadersdorf\/\" title=\"Project meeting at the Schweizerhaus Hadersdorf\" target=\"_self\">\n          \n            <img loading=\"lazy\" decoding=\"async\" src=\"https:\/\/www.b-nk.at\/wp-content\/uploads\/IMG_1059-768x576.jpg\"  src=\"https:\/\/www.b-nk.at\/wp-content\/uploads\/IMG_1059-768x576.jpg\" alt=\"Die Projektpartner:innen besichtigen gemeinsam das Geb\u00e4ude im Aussen\" width=\"768\" height=\"576\">\n        \t\n        \n      <\/a>\n    <\/div>\n  \t\t\n        \n        <div class=\"ue-meta-data\">\n                                               \n            \n          \n                        \n            \n                        \n                        \n                      \n                    \n          \n              \n          <\/div>         \n                \n         <div class=\"uc_post_content\">On May 14, 2025, the project partners met for an inspection and networking in Hadersdorf.\n<\/div>        \n                 \n      <\/div>\n    <\/div>\n     \n          <div class=\"button-on-side\">\n           <a target=\"_self\" href='https:\/\/www.b-nk.at\/en\/projekte-en\/umwelt-nachhaltigkeit-en\/project-meeting-at-the-schweizerhaus-hadersdorf\/' class=\"uc_more_btn  \" title=\"\">read more...<\/a>\n     <\/div>\n       \n  \n   <\/div>\n<div class=\"uc_post_list_box\">\n    \n  \n    <div class=\"uc_post_list_content\">\n      <div class=\"uc_post_list_content_inside\">\n        \n                          \n        \t        \t\t        \t        \n        \t<div class=\"ue-grid-item-category\">\n                            <a href=\"https:\/\/www.b-nk.at\/en\/news\/\" target=\"_self\" class=\"cat544\"><span>News<\/span><\/a>\n                            <a href=\"https:\/\/www.b-nk.at\/en\/project-activity\/\" target=\"_self\" class=\"cat543\"><span>Project activity<\/span><\/a>\n                            <a href=\"https:\/\/www.b-nk.at\/en\/projekte-en\/umwelt-nachhaltigkeit-en\/\" target=\"_self\" class=\"cat505\"><span>Umwelt &amp; Nachhaltigkeit<\/span><\/a>\n                      \t<\/div>\n        \n                        \n         <div class=\"uc_post_list_title\"><a target=\"_self\" href=\"https:\/\/www.b-nk.at\/en\/projekte-en\/umwelt-nachhaltigkeit-en\/project-meeting-at-the-schweizerhaus-hadersdorf-pilot-site\/\" title=\"Project meeting at the austrian demonstrator Schweizerhaus Hadersdorf - a step towards a renewable future\">Project meeting at the austrian demonstrator Schweizerhaus Hadersdorf - a step towards a renewable future<\/a><\/div>\t\n         \n            <div class=\"uc_post_list_image\">\n      <a href=\"https:\/\/www.b-nk.at\/en\/projekte-en\/umwelt-nachhaltigkeit-en\/project-meeting-at-the-schweizerhaus-hadersdorf-pilot-site\/\" title=\"Project meeting at the austrian demonstrator Schweizerhaus Hadersdorf - a step towards a renewable future\" target=\"_self\">\n          \n            <img loading=\"lazy\" decoding=\"async\" src=\"https:\/\/www.b-nk.at\/wp-content\/uploads\/2025_05_Gender4Power_SHH_2-768x576.jpeg\"  src=\"https:\/\/www.b-nk.at\/wp-content\/uploads\/2025_05_Gender4Power_SHH_2-768x576.jpeg\" alt=\"Text\" width=\"768\" height=\"576\">\n        \t\n        \n      <\/a>\n    <\/div>\n  \t\t\n        \n        <div class=\"ue-meta-data\">\n                                               \n            \n          \n                        \n            \n                        \n                        \n                      \n                    \n          \n              \n          <\/div>         \n                \n         <div class=\"uc_post_content\">On May 14, 2025, a project meeting of the Gender4POwer project took place in the Schweizerhaus Hadersdorf...<\/div>        \n                 \n      <\/div>\n    <\/div>\n     \n          <div class=\"button-on-side\">\n           <a target=\"_self\" href='https:\/\/www.b-nk.at\/en\/projekte-en\/umwelt-nachhaltigkeit-en\/project-meeting-at-the-schweizerhaus-hadersdorf-pilot-site\/' class=\"uc_more_btn  \" title=\"\">read more...<\/a>\n     <\/div>\n       \n  \n   <\/div>\n\n<\/div>\n\n\n<!-- end Post List -->\t\t\t\t<\/div>\n\t\t\t\t<\/div>\n\t\t\t\t\t<\/div>\n\t\t<\/div>\n\t\t\t\t\t<\/div>\n\t\t<\/section>\n\t\t\t\t<\/div>\n\t\t","protected":false},"excerpt":{"rendered":"<p>News Aktuelles Unkategorisiert Unsere neue Webseite ist online! Nicht nur optisch, sondern auch inhaltlich und technisch wurde unsere Webseite komplett \u00fcberarbeitet&#8230;. read more&#8230; Aktuelles Forschung Gr\u00fcnes Planen, Wohnen &amp; Leben Projekte Technikanwendung und -vermittlung Green BIM 2 Die Gr\u00fcne Branche erlebt in den letzten Jahren \u2013 nicht zuletzt wegen der Klima- und Energiekrise \u2013 einen&#8230;&hellip;&nbsp;<a href=\"https:\/\/www.b-nk.at\/en\/news-2\/\" rel=\"bookmark\">Read More &raquo;<span class=\"screen-reader-text\">News<\/span><\/a><\/p>\n","protected":false},"author":11,"featured_media":11033,"parent":0,"menu_order":0,"comment_status":"closed","ping_status":"closed","template":"elementor_header_footer","meta":{"_acf_changed":false,"neve_meta_sidebar":"","neve_meta_container":"","neve_meta_enable_content_width":"","neve_meta_content_width":70,"neve_meta_title_alignment":"","neve_meta_author_avatar":"","neve_post_elements_order":"","neve_meta_disable_header":"","neve_meta_disable_footer":"","neve_meta_disable_title":"","footnotes":""},"class_list":["post-8082","page","type-page","status-publish","has-post-thumbnail","hentry"],"acf":[],"_links":{"self":[{"href":"https:\/\/www.b-nk.at\/en\/wp-json\/wp\/v2\/pages\/8082","targetHints":{"allow":["GET"]}}],"collection":[{"href":"https:\/\/www.b-nk.at\/en\/wp-json\/wp\/v2\/pages"}],"about":[{"href":"https:\/\/www.b-nk.at\/en\/wp-json\/wp\/v2\/types\/page"}],"author":[{"embeddable":true,"href":"https:\/\/www.b-nk.at\/en\/wp-json\/wp\/v2\/users\/11"}],"replies":[{"embeddable":true,"href":"https:\/\/www.b-nk.at\/en\/wp-json\/wp\/v2\/comments?post=8082"}],"version-history":[{"count":6,"href":"https:\/\/www.b-nk.at\/en\/wp-json\/wp\/v2\/pages\/8082\/revisions"}],"predecessor-version":[{"id":8088,"href":"https:\/\/www.b-nk.at\/en\/wp-json\/wp\/v2\/pages\/8082\/revisions\/8088"}],"wp:featuredmedia":[{"embeddable":true,"href":"https:\/\/www.b-nk.at\/en\/wp-json\/wp\/v2\/media\/11033"}],"wp:attachment":[{"href":"https:\/\/www.b-nk.at\/en\/wp-json\/wp\/v2\/media?parent=8082"}],"curies":[{"name":"wp","href":"https:\/\/api.w.org\/{rel}","templated":true}]}}