{"id":11195,"date":"2023-06-01T08:41:25","date_gmt":"2023-06-01T06:41:25","guid":{"rendered":"https:\/\/www.b-nk.at\/newsletter\/"},"modified":"2025-10-10T11:06:30","modified_gmt":"2025-10-10T09:06:30","slug":"newsletter","status":"publish","type":"page","link":"https:\/\/www.b-nk.at\/en\/newsletter\/","title":{"rendered":"Newsletter"},"content":{"rendered":"\t\t<div data-elementor-type=\"wp-page\" data-elementor-id=\"11195\" class=\"elementor elementor-11195 elementor-7368\" data-elementor-post-type=\"page\">\n\t\t\t\t\t\t<section class=\"elementor-section elementor-top-section elementor-element elementor-element-246c41f5 elementor-section-boxed elementor-section-height-default elementor-section-height-default\" data-id=\"246c41f5\" data-element_type=\"section\" data-e-type=\"section\">\n\t\t\t\t\t\t<div class=\"elementor-container elementor-column-gap-default\">\n\t\t\t\t\t<div class=\"elementor-column elementor-col-100 elementor-top-column elementor-element elementor-element-faaf0b0\" data-id=\"faaf0b0\" data-element_type=\"column\" data-e-type=\"column\">\n\t\t\t<div class=\"elementor-widget-wrap elementor-element-populated\">\n\t\t\t\t\t\t<div class=\"elementor-element elementor-element-2a0819a6 elementor-widget elementor-widget-text-editor\" data-id=\"2a0819a6\" data-element_type=\"widget\" data-e-type=\"widget\" data-widget_type=\"text-editor.default\">\n\t\t\t\t<div class=\"elementor-widget-container\">\n\t\t\t\t\t\t\t\t\t<p><div class=\"tnp tnp-subscription \">\n<form method=\"post\" action=\"https:\/\/www.b-nk.at\/wp-admin\/admin-ajax.php?action=tnp&amp;na=s\">\n<input type=\"hidden\" name=\"nlang\" value=\"en\">\n<div class=\"tnp-field tnp-field-firstname\"><label for=\"tnp-1\">First name<\/label>\n<input class=\"tnp-name\" type=\"text\" name=\"nn\" id=\"tnp-1\" value=\"\" placeholder=\"\" required><\/div>\n<div class=\"tnp-field tnp-field-surname\"><label for=\"tnp-2\">Last name<\/label>\n<input class=\"tnp-surname\" type=\"text\" name=\"ns\" id=\"tnp-2\" value=\"\" placeholder=\"\" required><\/div><div class=\"tnp-field tnp-field-email\"><label for=\"tnp-3\">Email address<\/label>\n<input class=\"tnp-email\" type=\"email\" name=\"ne\" id=\"tnp-3\" value=\"\" placeholder=\"\" required><\/div>\n<div class=\"tnp-field tnp-privacy-field\"><label><input type=\"checkbox\" name=\"ny\" required class=\"tnp-privacy\"> <a target=\"_blank\" href=\"https:\/\/www.b-nk.at\/privacy\/\">I accept the privacy policy<\/a><\/label><\/div><div class=\"tnp-field tnp-field-button\" style=\"text-align: left\"><input class=\"tnp-submit\" type=\"submit\" value=\"Subscribe\" style=\"\">\n<\/div>\n<\/form>\n<\/div>\n<\/p><p><div class=\"tnp-archive\">  Newsletter archive  <ul><li> <span class=\"tnp-archive-date\">9. April 2026<\/span>  <span class=\"tnp-archive-separator\">&#8211;<\/span> <a href=\"https:\/\/www.b-nk.at\/en\/newsletter\/?email_id=59\">News &#8211; B\u00fcro f\u00fcr nachhaltige Kompetenz &#8211; Veranstaltungen zur Verkehrsvermeidung, Mai 2026<\/a><\/li><li> <span class=\"tnp-archive-date\">5. March 2026<\/span>  <span class=\"tnp-archive-separator\">&#8211;<\/span> <a href=\"https:\/\/www.b-nk.at\/en\/newsletter\/?email_id=57\">News &#8211; B\u00fcro f\u00fcr nachhaltige Kompetenz &#8211; Termine M\u00e4rz\/April 2026<\/a><\/li><li> <span class=\"tnp-archive-date\">21. February 2026<\/span>  <span class=\"tnp-archive-separator\">&#8211;<\/span> <a href=\"https:\/\/www.b-nk.at\/en\/newsletter\/?email_id=55\">News &#8211; B\u00fcro f\u00fcr nachhaltige Kompetenz: Bente Knoll. Ein neues Feld<\/a><\/li><li> <span class=\"tnp-archive-date\">19. February 2026<\/span>  <span class=\"tnp-archive-separator\">&#8211;<\/span> <a href=\"https:\/\/www.b-nk.at\/en\/newsletter\/?email_id=54\">News &#8211; B\u00fcro f\u00fcr nachhaltige Kompetenz &#8211; 01_2026<\/a><\/li><li> <span class=\"tnp-archive-date\">13. February 2025<\/span>  <span class=\"tnp-archive-separator\">&#8211;<\/span> <a href=\"https:\/\/www.b-nk.at\/en\/newsletter\/?email_id=50\">News aus dem Projekt Strasshof. Klimafit! Webinar und Projektergebnisse<\/a><\/li><li> <span class=\"tnp-archive-date\">17. December 2024<\/span>  <span class=\"tnp-archive-separator\">&#8211;<\/span> <a href=\"https:\/\/www.b-nk.at\/en\/newsletter\/?email_id=48\">News &#8211; B\u00fcro f\u00fcr nachhaltige Kompetenz &#8211; Weihnachten 2024<\/a><\/li><li> <span class=\"tnp-archive-date\">15. November 2024<\/span>  <span class=\"tnp-archive-separator\">&#8211;<\/span> <a href=\"https:\/\/www.b-nk.at\/en\/newsletter\/?email_id=45\">News &#8211; B\u00fcro f\u00fcr nachhaltige Kompetenz &#8211; Herbst 2024<\/a><\/li><li> <span class=\"tnp-archive-date\">6. September 2024<\/span>  <span class=\"tnp-archive-separator\">&#8211;<\/span> <a href=\"https:\/\/www.b-nk.at\/en\/newsletter\/?email_id=46\">News aus dem Projekt Strasshof. Klimafit! Einladung zum Webinar am 16. Oktober 2024<\/a><\/li><li> <span class=\"tnp-archive-date\">22. July 2024<\/span>  <span class=\"tnp-archive-separator\">&#8211;<\/span> <a href=\"https:\/\/www.b-nk.at\/en\/newsletter\/?email_id=42\">News &#8211; B\u00fcro f\u00fcr nachhaltige Kompetenz &#8211; Juli 2024<\/a><\/li><li> <span class=\"tnp-archive-date\">21. March 2024<\/span>  <span class=\"tnp-archive-separator\">&#8211;<\/span> <a href=\"https:\/\/www.b-nk.at\/en\/newsletter\/?email_id=41\">News &#8211; B\u00fcro f\u00fcr nachhaltige Kompetenz &#8211; M\u00e4rz 2024<\/a><\/li><li> <span class=\"tnp-archive-date\">9. February 2024<\/span>  <span class=\"tnp-archive-separator\">&#8211;<\/span> <a href=\"https:\/\/www.b-nk.at\/en\/newsletter\/?email_id=40\">News aus dem Projekt Strasshof. Klimafit! Einladung zum Webinar am 13. M\u00e4rz 2024<\/a><\/li><li> <span class=\"tnp-archive-date\">19. December 2023<\/span>  <span class=\"tnp-archive-separator\">&#8211;<\/span> <a href=\"https:\/\/www.b-nk.at\/en\/newsletter\/?email_id=31\">News &#8211; B\u00fcro f\u00fcr nachhaltige Kompetenz &#8211; Dezember 2023<\/a><\/li><li> <span class=\"tnp-archive-date\">31. August 2023<\/span>  <span class=\"tnp-archive-separator\">&#8211;<\/span> <a href=\"https:\/\/www.b-nk.at\/en\/newsletter\/?email_id=30\">News aus dem Projekt Strasshof. Klimafit! Reminder<\/a><\/li><li> <span class=\"tnp-archive-date\">22. August 2023<\/span>  <span class=\"tnp-archive-separator\">&#8211;<\/span> <a href=\"https:\/\/www.b-nk.at\/en\/newsletter\/?email_id=24\">News &#8211; B\u00fcro f\u00fcr nachhaltige Kompetenz &#8211; August 2023<\/a><\/li><li> <span class=\"tnp-archive-date\">30. June 2023<\/span>  <span class=\"tnp-archive-separator\">&#8211;<\/span> <a href=\"https:\/\/www.b-nk.at\/en\/newsletter\/?email_id=10\">News aus dem Projekt Strasshof. Klimafit! <\/a><\/li><\/ul><\/div><\/p>\t\t\t\t\t\t\t\t<\/div>\n\t\t\t\t<\/div>\n\t\t\t\t\t<\/div>\n\t\t<\/div>\n\t\t\t\t\t<\/div>\n\t\t<\/section>\n\t\t\t\t<\/div>\n\t\t","protected":false},"excerpt":{"rendered":"","protected":false},"author":14,"featured_media":0,"parent":0,"menu_order":0,"comment_status":"closed","ping_status":"closed","template":"","meta":{"_acf_changed":false,"neve_meta_sidebar":"","neve_meta_container":"","neve_meta_enable_content_width":"","neve_meta_content_width":0,"neve_meta_title_alignment":"","neve_meta_author_avatar":"","neve_post_elements_order":"","neve_meta_disable_header":"","neve_meta_disable_footer":"","neve_meta_disable_title":"","footnotes":""},"class_list":["post-11195","page","type-page","status-publish","hentry"],"acf":[],"_links":{"self":[{"href":"https:\/\/www.b-nk.at\/en\/wp-json\/wp\/v2\/pages\/11195","targetHints":{"allow":["GET"]}}],"collection":[{"href":"https:\/\/www.b-nk.at\/en\/wp-json\/wp\/v2\/pages"}],"about":[{"href":"https:\/\/www.b-nk.at\/en\/wp-json\/wp\/v2\/types\/page"}],"author":[{"embeddable":true,"href":"https:\/\/www.b-nk.at\/en\/wp-json\/wp\/v2\/users\/14"}],"replies":[{"embeddable":true,"href":"https:\/\/www.b-nk.at\/en\/wp-json\/wp\/v2\/comments?post=11195"}],"version-history":[{"count":1,"href":"https:\/\/www.b-nk.at\/en\/wp-json\/wp\/v2\/pages\/11195\/revisions"}],"predecessor-version":[{"id":11196,"href":"https:\/\/www.b-nk.at\/en\/wp-json\/wp\/v2\/pages\/11195\/revisions\/11196"}],"wp:attachment":[{"href":"https:\/\/www.b-nk.at\/en\/wp-json\/wp\/v2\/media?parent=11195"}],"curies":[{"name":"wp","href":"https:\/\/api.w.org\/{rel}","templated":true}]}}